{"id":2001,"date":"2024-04-05T12:28:28","date_gmt":"2024-04-05T10:28:28","guid":{"rendered":"https:\/\/terminal-shop.wallee.com\/?post_type=product&#038;p=2001"},"modified":"2025-12-08T09:57:19","modified_gmt":"2025-12-08T08:57:19","slug":"pax-a50s-wallee","status":"publish","type":"product","link":"https:\/\/terminal-shop.wallee.com\/de\/product\/pax-a50s-wallee\/","title":{"rendered":"PAX A50S wallee"},"content":{"rendered":"<h4>Leicht und handlich<\/h4>\n<p>Das toll designte Ger\u00e4t in elegantem wei\u00df mit gro\u00dfem Touchscreen ist mit nur 151g besonders leicht und handlich. Das miniPOS ist ideal f\u00fcr unterwegs.<\/p>\n<h4>Neue Generation<\/h4>\n<p>The PAX A50S wallee is the successor to the A50 wallee. Even lighter (only 151g), more efficient and with a large, optimized contactless-field on the front. Great accessories are available for the PAX A50S wallee, e.g. a desktop charging station with integrated Bluetooth receipt printer.<\/p>\n<h4>Connected<\/h4>\n<p>Unterwegs \u00fcber 4G LTE dank der integrierten SIM-Karte oder station\u00e4r \u00fcber Wi-Fi\u00ae. Das Terminal ist in Ihr Konto im wallee Portal integriert und kann in Kassensysteme eingebunden werden.<\/p>","protected":false},"excerpt":{"rendered":"<p>Besonders leichtes und handliches mPOS Terminal auf Android Basis. Mit seinem modernen Design und zahlreichen Features ist das PAX A50S wallee immer an Ihrer Seite: In Ihrem Gesch\u00e4ft, POS oder dank 4G auch unterwegs. Jetzt entdecken.<\/p>","protected":false},"featured_media":2046,"template":"","meta":[],"product_brand":[],"product_cat":[15,26],"product_tag":[28,31,29],"class_list":{"0":"post-2001","1":"product","2":"type-product","3":"status-publish","4":"has-post-thumbnail","6":"product_cat-terminals","7":"product_cat-mobile","8":"product_tag-android","9":"product_tag-mobile-data-4g-lte","10":"product_tag-touchscreen","12":"first","13":"instock","14":"taxable","15":"shipping-taxable","16":"purchasable","17":"product-type-simple"},"_links":{"self":[{"href":"https:\/\/terminal-shop.wallee.com\/de\/wp-json\/wp\/v2\/product\/2001","targetHints":{"allow":["GET"]}}],"collection":[{"href":"https:\/\/terminal-shop.wallee.com\/de\/wp-json\/wp\/v2\/product"}],"about":[{"href":"https:\/\/terminal-shop.wallee.com\/de\/wp-json\/wp\/v2\/types\/product"}],"wp:featuredmedia":[{"embeddable":true,"href":"https:\/\/terminal-shop.wallee.com\/de\/wp-json\/wp\/v2\/media\/2046"}],"wp:attachment":[{"href":"https:\/\/terminal-shop.wallee.com\/de\/wp-json\/wp\/v2\/media?parent=2001"}],"wp:term":[{"taxonomy":"product_brand","embeddable":true,"href":"https:\/\/terminal-shop.wallee.com\/de\/wp-json\/wp\/v2\/product_brand?post=2001"},{"taxonomy":"product_cat","embeddable":true,"href":"https:\/\/terminal-shop.wallee.com\/de\/wp-json\/wp\/v2\/product_cat?post=2001"},{"taxonomy":"product_tag","embeddable":true,"href":"https:\/\/terminal-shop.wallee.com\/de\/wp-json\/wp\/v2\/product_tag?post=2001"}],"curies":[{"name":"wp","href":"https:\/\/api.w.org\/{rel}","templated":true}]}}