{"id":2474,"date":"2025-03-21T19:02:37","date_gmt":"2025-03-21T18:02:37","guid":{"rendered":"https:\/\/terminal-shop.wallee.com\/?post_type=product&#038;p=2474"},"modified":"2025-12-08T09:56:36","modified_gmt":"2025-12-08T08:56:36","slug":"pax-a50s-wallee-bundle","status":"publish","type":"product","link":"https:\/\/terminal-shop.wallee.com\/de\/product\/pax-a50s-wallee-bundle\/","title":{"rendered":"PAX A50S wallee (Bundle mit BT-Drucker)"},"content":{"rendered":"<h4>Jetzt im Bundle mit Drucker BP50<\/h4>\n<p>Sichern Sie sich das PAX A50S wallee jetzt im Bundle mit dem praktischen Bluetooth-Drucker und Tischladestation BP50. Verbinden Sie \u00fcber Bluetooth komfortabel bis zu vier A50S Terminals mit dem Belegdrucker.<\/p>\n<h4>Leicht und handlich<\/h4>\n<p>Das toll designte Ger\u00e4t in elegantem wei\u00df mit gro\u00dfem Touchscreen ist mit nur 151g besonders leicht und handlich. Das miniPOS ist ideal f\u00fcr unterwegs.<\/p>\n<h4>Connected<\/h4>\n<p>Unterwegs \u00fcber 4G LTE dank der integrierten SIM-Karte oder station\u00e4r \u00fcber Wi-Fi\u00ae. Das Terminal ist in Ihr Konto im wallee Portal integriert und kann in Kassensysteme eingebunden werden.<\/p>","protected":false},"excerpt":{"rendered":"<p>Besonders leichtes und handliches mPOS Terminal auf Android Basis. Mit seinem modernen Design und zahlreichen Features ist das PAX A50S wallee immer an Ihrer Seite. Jetzt im Bundle mit dem praktischen Bluetooth-Drucker und Tischladestation BP50.<\/p>","protected":false},"featured_media":2475,"template":"","meta":[],"product_brand":[],"product_cat":[15,26],"product_tag":[28,31,29],"class_list":{"0":"post-2474","1":"product","2":"type-product","3":"status-publish","4":"has-post-thumbnail","6":"product_cat-terminals","7":"product_cat-mobile","8":"product_tag-android","9":"product_tag-mobile-data-4g-lte","10":"product_tag-touchscreen","12":"first","13":"instock","14":"taxable","15":"shipping-taxable","16":"purchasable","17":"product-type-simple"},"_links":{"self":[{"href":"https:\/\/terminal-shop.wallee.com\/de\/wp-json\/wp\/v2\/product\/2474","targetHints":{"allow":["GET"]}}],"collection":[{"href":"https:\/\/terminal-shop.wallee.com\/de\/wp-json\/wp\/v2\/product"}],"about":[{"href":"https:\/\/terminal-shop.wallee.com\/de\/wp-json\/wp\/v2\/types\/product"}],"wp:featuredmedia":[{"embeddable":true,"href":"https:\/\/terminal-shop.wallee.com\/de\/wp-json\/wp\/v2\/media\/2475"}],"wp:attachment":[{"href":"https:\/\/terminal-shop.wallee.com\/de\/wp-json\/wp\/v2\/media?parent=2474"}],"wp:term":[{"taxonomy":"product_brand","embeddable":true,"href":"https:\/\/terminal-shop.wallee.com\/de\/wp-json\/wp\/v2\/product_brand?post=2474"},{"taxonomy":"product_cat","embeddable":true,"href":"https:\/\/terminal-shop.wallee.com\/de\/wp-json\/wp\/v2\/product_cat?post=2474"},{"taxonomy":"product_tag","embeddable":true,"href":"https:\/\/terminal-shop.wallee.com\/de\/wp-json\/wp\/v2\/product_tag?post=2474"}],"curies":[{"name":"wp","href":"https:\/\/api.w.org\/{rel}","templated":true}]}}